{"id":8489,"date":"2026-02-17T12:39:28","date_gmt":"2026-02-17T12:39:28","guid":{"rendered":"https:\/\/brdcleaning.ro\/?page_id=8489"},"modified":"2026-02-17T12:43:51","modified_gmt":"2026-02-17T12:43:51","slug":"politica-de-confidentialitate","status":"publish","type":"page","link":"https:\/\/brdcleaning.ro\/index.php\/politica-de-confidentialitate\/","title":{"rendered":"Politica de confiden\u021bialitate"},"content":{"rendered":"\n<h5 class=\"wp-block-heading has-medium-font-size\"><\/h5>\n\n\n\n<p>Bradea Cur\u0103\u021benie SRL, cu sediul social \u00een <strong>Str. Liliacului nr. 1, Ora\u0219 Bude\u0219ti, Jude\u021bul C\u0103l\u0103ra\u0219i<\/strong>, av\u00e2nd CUI <strong>52235182<\/strong>, \u00eenregistrat\u0103 la Registrul Comer\u021bului cu nr. <strong>J2025056516006<\/strong>, reprezentat\u0103 prin dl. <strong>Adrian Bradea<\/strong>, respect\u0103 confiden\u021bialitatea datelor dumneavoastr\u0103 \u0219i se angajeaz\u0103 s\u0103 le protejeze conform Regulamentului (UE) 2016\/679 (GDPR).<\/p>\n\n\n\n<h2 class=\"wp-block-heading\" style=\"font-size:26px\">Date colectate<\/h2>\n\n\n\n<p>Prin intermediul site-ului brdcleaning.ro putem colecta urm\u0103toarele date:<\/p>\n\n\n\n<ul class=\"wp-block-list\">\n<li>Nume \u0219i prenume<\/li>\n\n\n\n<li>Adres\u0103 de email<\/li>\n\n\n\n<li>Num\u0103r de telefon<\/li>\n\n\n\n<li>Mesajul transmis prin formular<\/li>\n\n\n\n<li>Serviciul selectat<\/li>\n<\/ul>\n\n\n\n<h2 class=\"wp-block-heading\" style=\"font-size:26px\">Scopul colect\u0103rii<\/h2>\n\n\n\n<p>Datele sunt utilizate exclusiv pentru:<\/p>\n\n\n\n<ul class=\"wp-block-list\">\n<li>r\u0103spuns la solicit\u0103rile trimise prin formular<\/li>\n\n\n\n<li>oferirea unei oferte personalizate<\/li>\n\n\n\n<li>programarea interven\u021biilor de cur\u0103\u021benie<\/li>\n<\/ul>\n\n\n\n<h2 class=\"wp-block-heading\" style=\"font-size:26px\">Temeiul legal<\/h2>\n\n\n\n<p>Prelucrarea datelor se face \u00een baza:<\/p>\n\n\n\n<ul class=\"wp-block-list\">\n<li>consim\u021b\u0103m\u00e2ntului utilizatorului<\/li>\n\n\n\n<li>interesului legitim de a r\u0103spunde cererilor primite<\/li>\n<\/ul>\n\n\n\n<h2 class=\"wp-block-heading\" style=\"font-size:26px\">Durata stoc\u0103rii<\/h2>\n\n\n\n<p>Datele sunt p\u0103strate doar pe perioada necesar\u0103 comunic\u0103rii \u0219i prest\u0103rii serviciilor.<\/p>\n\n\n\n<h2 class=\"wp-block-heading\" style=\"font-size:26px\">Drepturile utilizatorilor<\/h2>\n\n\n\n<p>Conform GDPR, beneficia\u021bi de dreptul de:<\/p>\n\n\n\n<ul class=\"wp-block-list\">\n<li>acces la date<\/li>\n\n\n\n<li>rectificare<\/li>\n\n\n\n<li>\u0219tergere (\u201edreptul de a fi uitat\u201d)<\/li>\n\n\n\n<li>restric\u021bionare<\/li>\n\n\n\n<li>opozi\u021bie<\/li>\n\n\n\n<li>portabilitate<\/li>\n<\/ul>\n\n\n\n<h2 class=\"wp-block-heading\" style=\"font-size:26px\">Contact<\/h2>\n\n\n\n<p>Pentru orice solicitare legat\u0103 de datele personale ne pute\u021bi contacta la:<\/p>\n\n\n\n<p>\ud83d\udce7 <strong>contact@brdcleaning.ro<\/strong><\/p>\n","protected":false},"excerpt":{"rendered":"<p>Bradea Cur\u0103\u021benie SRL, cu sediul social \u00een Str. Liliacului nr. 1, Ora\u0219 Bude\u0219ti, Jude\u021bul C\u0103l\u0103ra\u0219i, av\u00e2nd CUI 52235182, \u00eenregistrat\u0103 la Registrul Comer\u021bului cu nr. J2025056516006, reprezentat\u0103 prin dl. Adrian Bradea, respect\u0103 confiden\u021bialitatea datelor dumneavoastr\u0103 \u0219i se angajeaz\u0103 s\u0103 le protejeze conform Regulamentului (UE) 2016\/679 (GDPR). Date colectate Prin intermediul site-ului brdcleaning.ro putem colecta urm\u0103toarele date: [&hellip;]<\/p>\n","protected":false},"author":2,"featured_media":0,"parent":0,"menu_order":0,"comment_status":"closed","ping_status":"closed","template":"","meta":{"footnotes":""},"class_list":["post-8489","page","type-page","status-publish","hentry"],"yoast_head":"<!-- This site is optimized with the Yoast SEO plugin v27.1.1 - https:\/\/yoast.com\/product\/yoast-seo-wordpress\/ -->\n<title>Politica de confiden\u021bialitate - BRD Cleaning<\/title>\n<meta name=\"robots\" content=\"index, follow, max-snippet:-1, max-image-preview:large, max-video-preview:-1\" \/>\n<link rel=\"canonical\" href=\"https:\/\/brdcleaning.ro\/index.php\/politica-de-confidentialitate\/\" \/>\n<meta property=\"og:locale\" content=\"en_US\" \/>\n<meta property=\"og:type\" content=\"article\" \/>\n<meta property=\"og:title\" content=\"Politica de confiden\u021bialitate - BRD Cleaning\" \/>\n<meta property=\"og:description\" content=\"Bradea Cur\u0103\u021benie SRL, cu sediul social \u00een Str. Liliacului nr. 1, Ora\u0219 Bude\u0219ti, Jude\u021bul C\u0103l\u0103ra\u0219i, av\u00e2nd CUI 52235182, \u00eenregistrat\u0103 la Registrul Comer\u021bului cu nr. J2025056516006, reprezentat\u0103 prin dl. Adrian Bradea, respect\u0103 confiden\u021bialitatea datelor dumneavoastr\u0103 \u0219i se angajeaz\u0103 s\u0103 le protejeze conform Regulamentului (UE) 2016\/679 (GDPR). Date colectate Prin intermediul site-ului brdcleaning.ro putem colecta urm\u0103toarele date: [&hellip;]\" \/>\n<meta property=\"og:url\" content=\"https:\/\/brdcleaning.ro\/index.php\/politica-de-confidentialitate\/\" \/>\n<meta property=\"og:site_name\" content=\"BRD Cleaning\" \/>\n<meta property=\"article:modified_time\" content=\"2026-02-17T12:43:51+00:00\" \/>\n<meta name=\"twitter:card\" content=\"summary_large_image\" \/>\n<meta name=\"twitter:label1\" content=\"Est. reading time\" \/>\n\t<meta name=\"twitter:data1\" content=\"1 minute\" \/>\n<script type=\"application\/ld+json\" class=\"yoast-schema-graph\">{\"@context\":\"https:\/\/schema.org\",\"@graph\":[{\"@type\":\"WebPage\",\"@id\":\"https:\/\/brdcleaning.ro\/index.php\/politica-de-confidentialitate\/\",\"url\":\"https:\/\/brdcleaning.ro\/index.php\/politica-de-confidentialitate\/\",\"name\":\"Politica de confiden\u021bialitate - BRD Cleaning\",\"isPartOf\":{\"@id\":\"https:\/\/brdcleaning.ro\/#website\"},\"datePublished\":\"2026-02-17T12:39:28+00:00\",\"dateModified\":\"2026-02-17T12:43:51+00:00\",\"breadcrumb\":{\"@id\":\"https:\/\/brdcleaning.ro\/index.php\/politica-de-confidentialitate\/#breadcrumb\"},\"inLanguage\":\"en-US\",\"potentialAction\":[{\"@type\":\"ReadAction\",\"target\":[\"https:\/\/brdcleaning.ro\/index.php\/politica-de-confidentialitate\/\"]}]},{\"@type\":\"BreadcrumbList\",\"@id\":\"https:\/\/brdcleaning.ro\/index.php\/politica-de-confidentialitate\/#breadcrumb\",\"itemListElement\":[{\"@type\":\"ListItem\",\"position\":1,\"name\":\"Home\",\"item\":\"https:\/\/brdcleaning.ro\/\"},{\"@type\":\"ListItem\",\"position\":2,\"name\":\"Politica de confiden\u021bialitate\"}]},{\"@type\":\"WebSite\",\"@id\":\"https:\/\/brdcleaning.ro\/#website\",\"url\":\"https:\/\/brdcleaning.ro\/\",\"name\":\"BRD Cleaning\",\"description\":\"Firm\u0103 cur\u0103\u021benia: C\u0103l\u0103ra\u0219i \u2022 Giurgiu \u2022 Ilfov \u2022 Bucure\u0219ti\",\"publisher\":{\"@id\":\"https:\/\/brdcleaning.ro\/#organization\"},\"potentialAction\":[{\"@type\":\"SearchAction\",\"target\":{\"@type\":\"EntryPoint\",\"urlTemplate\":\"https:\/\/brdcleaning.ro\/?s={search_term_string}\"},\"query-input\":{\"@type\":\"PropertyValueSpecification\",\"valueRequired\":true,\"valueName\":\"search_term_string\"}}],\"inLanguage\":\"en-US\"},{\"@type\":\"Organization\",\"@id\":\"https:\/\/brdcleaning.ro\/#organization\",\"name\":\"BRD Cleaning\",\"url\":\"https:\/\/brdcleaning.ro\/\",\"logo\":{\"@type\":\"ImageObject\",\"inLanguage\":\"en-US\",\"@id\":\"https:\/\/brdcleaning.ro\/#\/schema\/logo\/image\/\",\"url\":\"https:\/\/brdcleaning.ro\/wp-content\/uploads\/2026\/02\/cropped-cropped-favicon-1.png\",\"contentUrl\":\"https:\/\/brdcleaning.ro\/wp-content\/uploads\/2026\/02\/cropped-cropped-favicon-1.png\",\"width\":512,\"height\":512,\"caption\":\"BRD Cleaning\"},\"image\":{\"@id\":\"https:\/\/brdcleaning.ro\/#\/schema\/logo\/image\/\"}}]}<\/script>\n<!-- \/ Yoast SEO plugin. -->","yoast_head_json":{"title":"Politica de confiden\u021bialitate - BRD Cleaning","robots":{"index":"index","follow":"follow","max-snippet":"max-snippet:-1","max-image-preview":"max-image-preview:large","max-video-preview":"max-video-preview:-1"},"canonical":"https:\/\/brdcleaning.ro\/index.php\/politica-de-confidentialitate\/","og_locale":"en_US","og_type":"article","og_title":"Politica de confiden\u021bialitate - BRD Cleaning","og_description":"Bradea Cur\u0103\u021benie SRL, cu sediul social \u00een Str. Liliacului nr. 1, Ora\u0219 Bude\u0219ti, Jude\u021bul C\u0103l\u0103ra\u0219i, av\u00e2nd CUI 52235182, \u00eenregistrat\u0103 la Registrul Comer\u021bului cu nr. J2025056516006, reprezentat\u0103 prin dl. Adrian Bradea, respect\u0103 confiden\u021bialitatea datelor dumneavoastr\u0103 \u0219i se angajeaz\u0103 s\u0103 le protejeze conform Regulamentului (UE) 2016\/679 (GDPR). Date colectate Prin intermediul site-ului brdcleaning.ro putem colecta urm\u0103toarele date: [&hellip;]","og_url":"https:\/\/brdcleaning.ro\/index.php\/politica-de-confidentialitate\/","og_site_name":"BRD Cleaning","article_modified_time":"2026-02-17T12:43:51+00:00","twitter_card":"summary_large_image","twitter_misc":{"Est. reading time":"1 minute"},"schema":{"@context":"https:\/\/schema.org","@graph":[{"@type":"WebPage","@id":"https:\/\/brdcleaning.ro\/index.php\/politica-de-confidentialitate\/","url":"https:\/\/brdcleaning.ro\/index.php\/politica-de-confidentialitate\/","name":"Politica de confiden\u021bialitate - BRD Cleaning","isPartOf":{"@id":"https:\/\/brdcleaning.ro\/#website"},"datePublished":"2026-02-17T12:39:28+00:00","dateModified":"2026-02-17T12:43:51+00:00","breadcrumb":{"@id":"https:\/\/brdcleaning.ro\/index.php\/politica-de-confidentialitate\/#breadcrumb"},"inLanguage":"en-US","potentialAction":[{"@type":"ReadAction","target":["https:\/\/brdcleaning.ro\/index.php\/politica-de-confidentialitate\/"]}]},{"@type":"BreadcrumbList","@id":"https:\/\/brdcleaning.ro\/index.php\/politica-de-confidentialitate\/#breadcrumb","itemListElement":[{"@type":"ListItem","position":1,"name":"Home","item":"https:\/\/brdcleaning.ro\/"},{"@type":"ListItem","position":2,"name":"Politica de confiden\u021bialitate"}]},{"@type":"WebSite","@id":"https:\/\/brdcleaning.ro\/#website","url":"https:\/\/brdcleaning.ro\/","name":"BRD Cleaning","description":"Firm\u0103 cur\u0103\u021benia: C\u0103l\u0103ra\u0219i \u2022 Giurgiu \u2022 Ilfov \u2022 Bucure\u0219ti","publisher":{"@id":"https:\/\/brdcleaning.ro\/#organization"},"potentialAction":[{"@type":"SearchAction","target":{"@type":"EntryPoint","urlTemplate":"https:\/\/brdcleaning.ro\/?s={search_term_string}"},"query-input":{"@type":"PropertyValueSpecification","valueRequired":true,"valueName":"search_term_string"}}],"inLanguage":"en-US"},{"@type":"Organization","@id":"https:\/\/brdcleaning.ro\/#organization","name":"BRD Cleaning","url":"https:\/\/brdcleaning.ro\/","logo":{"@type":"ImageObject","inLanguage":"en-US","@id":"https:\/\/brdcleaning.ro\/#\/schema\/logo\/image\/","url":"https:\/\/brdcleaning.ro\/wp-content\/uploads\/2026\/02\/cropped-cropped-favicon-1.png","contentUrl":"https:\/\/brdcleaning.ro\/wp-content\/uploads\/2026\/02\/cropped-cropped-favicon-1.png","width":512,"height":512,"caption":"BRD Cleaning"},"image":{"@id":"https:\/\/brdcleaning.ro\/#\/schema\/logo\/image\/"}}]}},"_links":{"self":[{"href":"https:\/\/brdcleaning.ro\/index.php\/wp-json\/wp\/v2\/pages\/8489","targetHints":{"allow":["GET"]}}],"collection":[{"href":"https:\/\/brdcleaning.ro\/index.php\/wp-json\/wp\/v2\/pages"}],"about":[{"href":"https:\/\/brdcleaning.ro\/index.php\/wp-json\/wp\/v2\/types\/page"}],"author":[{"embeddable":true,"href":"https:\/\/brdcleaning.ro\/index.php\/wp-json\/wp\/v2\/users\/2"}],"replies":[{"embeddable":true,"href":"https:\/\/brdcleaning.ro\/index.php\/wp-json\/wp\/v2\/comments?post=8489"}],"version-history":[{"count":10,"href":"https:\/\/brdcleaning.ro\/index.php\/wp-json\/wp\/v2\/pages\/8489\/revisions"}],"predecessor-version":[{"id":8503,"href":"https:\/\/brdcleaning.ro\/index.php\/wp-json\/wp\/v2\/pages\/8489\/revisions\/8503"}],"wp:attachment":[{"href":"https:\/\/brdcleaning.ro\/index.php\/wp-json\/wp\/v2\/media?parent=8489"}],"curies":[{"name":"wp","href":"https:\/\/api.w.org\/{rel}","templated":true}]}}