{"id":8513,"date":"2026-02-17T12:48:47","date_gmt":"2026-02-17T12:48:47","guid":{"rendered":"https:\/\/brdcleaning.ro\/?page_id=8513"},"modified":"2026-02-17T12:48:49","modified_gmt":"2026-02-17T12:48:49","slug":"politica-de-confidentialitate-2","status":"publish","type":"page","link":"https:\/\/brdcleaning.ro\/index.php\/politica-de-confidentialitate-2\/","title":{"rendered":"Termeni \u0219i Condi\u021bii"},"content":{"rendered":"\n<h5 class=\"wp-block-heading has-medium-font-size\"><\/h5>\n\n\n\n<p>BSite-ul brdcleaning.ro este administrat de <strong>Bradea Cur\u0103\u021benie SRL<\/strong>.<\/p>\n\n\n\n<p>Prin utilizarea acestui site, sunte\u021bi de acord cu urm\u0103toarele:<\/p>\n\n\n\n<h2 class=\"wp-block-heading\" style=\"font-size:26px\">Servicii oferite<\/h2>\n\n\n\n<p>BRD Cleaning ofer\u0103 servicii de cur\u0103\u021benie pentru:<\/p>\n\n\n\n<ul class=\"wp-block-list\">\n<li>locuin\u021be<\/li>\n\n\n\n<li>birouri \u0219i spa\u021bii comerciale<\/li>\n\n\n\n<li>sc\u0103ri de bloc<\/li>\n\n\n\n<li>cur\u0103\u021benie dup\u0103 constructor<\/li>\n\n\n\n<li>cur\u0103\u021bare canapele \u0219i tapi\u021berii<\/li>\n\n\n\n<li>cur\u0103\u021bare ferestre \u0219i fa\u021bade<\/li>\n<\/ul>\n\n\n\n<h2 class=\"wp-block-heading\" style=\"font-size:26px\">Program\u0103ri \u0219i solicit\u0103ri<\/h2>\n\n\n\n<p>Solicit\u0103rile trimise prin formular nu reprezint\u0103 o programare final\u0103 p\u00e2n\u0103 la confirmarea telefonic\u0103 sau prin email.<\/p>\n\n\n\n<h2 class=\"wp-block-heading\" style=\"font-size:26px\">Limitarea r\u0103spunderii<\/h2>\n\n\n\n<p>Depunem toate eforturile pentru informa\u021bii corecte pe site, \u00eens\u0103 pot ap\u0103rea modific\u0103ri f\u0103r\u0103 notificare.<\/p>\n","protected":false},"excerpt":{"rendered":"<p>BSite-ul brdcleaning.ro este administrat de Bradea Cur\u0103\u021benie SRL. Prin utilizarea acestui site, sunte\u021bi de acord cu urm\u0103toarele: Servicii oferite BRD Cleaning ofer\u0103 servicii de cur\u0103\u021benie pentru: Program\u0103ri \u0219i solicit\u0103ri Solicit\u0103rile trimise prin formular nu reprezint\u0103 o programare final\u0103 p\u00e2n\u0103 la confirmarea telefonic\u0103 sau prin email. Limitarea r\u0103spunderii Depunem toate eforturile pentru informa\u021bii corecte pe site, [&hellip;]<\/p>\n","protected":false},"author":2,"featured_media":0,"parent":0,"menu_order":0,"comment_status":"closed","ping_status":"closed","template":"","meta":{"footnotes":""},"class_list":["post-8513","page","type-page","status-publish","hentry"],"yoast_head":"<!-- This site is optimized with the Yoast SEO plugin v27.1.1 - https:\/\/yoast.com\/product\/yoast-seo-wordpress\/ -->\n<title>Termeni \u0219i Condi\u021bii - BRD Cleaning<\/title>\n<meta name=\"robots\" content=\"index, follow, max-snippet:-1, max-image-preview:large, max-video-preview:-1\" \/>\n<link rel=\"canonical\" href=\"https:\/\/brdcleaning.ro\/index.php\/politica-de-confidentialitate-2\/\" \/>\n<meta property=\"og:locale\" content=\"en_US\" \/>\n<meta property=\"og:type\" content=\"article\" \/>\n<meta property=\"og:title\" content=\"Termeni \u0219i Condi\u021bii - BRD Cleaning\" \/>\n<meta property=\"og:description\" content=\"BSite-ul brdcleaning.ro este administrat de Bradea Cur\u0103\u021benie SRL. Prin utilizarea acestui site, sunte\u021bi de acord cu urm\u0103toarele: Servicii oferite BRD Cleaning ofer\u0103 servicii de cur\u0103\u021benie pentru: Program\u0103ri \u0219i solicit\u0103ri Solicit\u0103rile trimise prin formular nu reprezint\u0103 o programare final\u0103 p\u00e2n\u0103 la confirmarea telefonic\u0103 sau prin email. Limitarea r\u0103spunderii Depunem toate eforturile pentru informa\u021bii corecte pe site, [&hellip;]\" \/>\n<meta property=\"og:url\" content=\"https:\/\/brdcleaning.ro\/index.php\/politica-de-confidentialitate-2\/\" \/>\n<meta property=\"og:site_name\" content=\"BRD Cleaning\" \/>\n<meta property=\"article:modified_time\" content=\"2026-02-17T12:48:49+00:00\" \/>\n<meta name=\"twitter:card\" content=\"summary_large_image\" \/>\n<meta name=\"twitter:label1\" content=\"Est. reading time\" \/>\n\t<meta name=\"twitter:data1\" content=\"1 minute\" \/>\n<script type=\"application\/ld+json\" class=\"yoast-schema-graph\">{\"@context\":\"https:\/\/schema.org\",\"@graph\":[{\"@type\":\"WebPage\",\"@id\":\"https:\/\/brdcleaning.ro\/index.php\/politica-de-confidentialitate-2\/\",\"url\":\"https:\/\/brdcleaning.ro\/index.php\/politica-de-confidentialitate-2\/\",\"name\":\"Termeni \u0219i Condi\u021bii - BRD Cleaning\",\"isPartOf\":{\"@id\":\"https:\/\/brdcleaning.ro\/#website\"},\"datePublished\":\"2026-02-17T12:48:47+00:00\",\"dateModified\":\"2026-02-17T12:48:49+00:00\",\"breadcrumb\":{\"@id\":\"https:\/\/brdcleaning.ro\/index.php\/politica-de-confidentialitate-2\/#breadcrumb\"},\"inLanguage\":\"en-US\",\"potentialAction\":[{\"@type\":\"ReadAction\",\"target\":[\"https:\/\/brdcleaning.ro\/index.php\/politica-de-confidentialitate-2\/\"]}]},{\"@type\":\"BreadcrumbList\",\"@id\":\"https:\/\/brdcleaning.ro\/index.php\/politica-de-confidentialitate-2\/#breadcrumb\",\"itemListElement\":[{\"@type\":\"ListItem\",\"position\":1,\"name\":\"Home\",\"item\":\"https:\/\/brdcleaning.ro\/\"},{\"@type\":\"ListItem\",\"position\":2,\"name\":\"Termeni \u0219i Condi\u021bii\"}]},{\"@type\":\"WebSite\",\"@id\":\"https:\/\/brdcleaning.ro\/#website\",\"url\":\"https:\/\/brdcleaning.ro\/\",\"name\":\"BRD Cleaning\",\"description\":\"Firm\u0103 cur\u0103\u021benia: C\u0103l\u0103ra\u0219i \u2022 Giurgiu \u2022 Ilfov \u2022 Bucure\u0219ti\",\"publisher\":{\"@id\":\"https:\/\/brdcleaning.ro\/#organization\"},\"potentialAction\":[{\"@type\":\"SearchAction\",\"target\":{\"@type\":\"EntryPoint\",\"urlTemplate\":\"https:\/\/brdcleaning.ro\/?s={search_term_string}\"},\"query-input\":{\"@type\":\"PropertyValueSpecification\",\"valueRequired\":true,\"valueName\":\"search_term_string\"}}],\"inLanguage\":\"en-US\"},{\"@type\":\"Organization\",\"@id\":\"https:\/\/brdcleaning.ro\/#organization\",\"name\":\"BRD Cleaning\",\"url\":\"https:\/\/brdcleaning.ro\/\",\"logo\":{\"@type\":\"ImageObject\",\"inLanguage\":\"en-US\",\"@id\":\"https:\/\/brdcleaning.ro\/#\/schema\/logo\/image\/\",\"url\":\"https:\/\/brdcleaning.ro\/wp-content\/uploads\/2026\/02\/cropped-cropped-favicon-1.png\",\"contentUrl\":\"https:\/\/brdcleaning.ro\/wp-content\/uploads\/2026\/02\/cropped-cropped-favicon-1.png\",\"width\":512,\"height\":512,\"caption\":\"BRD Cleaning\"},\"image\":{\"@id\":\"https:\/\/brdcleaning.ro\/#\/schema\/logo\/image\/\"}}]}<\/script>\n<!-- \/ Yoast SEO plugin. -->","yoast_head_json":{"title":"Termeni \u0219i Condi\u021bii - BRD Cleaning","robots":{"index":"index","follow":"follow","max-snippet":"max-snippet:-1","max-image-preview":"max-image-preview:large","max-video-preview":"max-video-preview:-1"},"canonical":"https:\/\/brdcleaning.ro\/index.php\/politica-de-confidentialitate-2\/","og_locale":"en_US","og_type":"article","og_title":"Termeni \u0219i Condi\u021bii - BRD Cleaning","og_description":"BSite-ul brdcleaning.ro este administrat de Bradea Cur\u0103\u021benie SRL. Prin utilizarea acestui site, sunte\u021bi de acord cu urm\u0103toarele: Servicii oferite BRD Cleaning ofer\u0103 servicii de cur\u0103\u021benie pentru: Program\u0103ri \u0219i solicit\u0103ri Solicit\u0103rile trimise prin formular nu reprezint\u0103 o programare final\u0103 p\u00e2n\u0103 la confirmarea telefonic\u0103 sau prin email. Limitarea r\u0103spunderii Depunem toate eforturile pentru informa\u021bii corecte pe site, [&hellip;]","og_url":"https:\/\/brdcleaning.ro\/index.php\/politica-de-confidentialitate-2\/","og_site_name":"BRD Cleaning","article_modified_time":"2026-02-17T12:48:49+00:00","twitter_card":"summary_large_image","twitter_misc":{"Est. reading time":"1 minute"},"schema":{"@context":"https:\/\/schema.org","@graph":[{"@type":"WebPage","@id":"https:\/\/brdcleaning.ro\/index.php\/politica-de-confidentialitate-2\/","url":"https:\/\/brdcleaning.ro\/index.php\/politica-de-confidentialitate-2\/","name":"Termeni \u0219i Condi\u021bii - BRD Cleaning","isPartOf":{"@id":"https:\/\/brdcleaning.ro\/#website"},"datePublished":"2026-02-17T12:48:47+00:00","dateModified":"2026-02-17T12:48:49+00:00","breadcrumb":{"@id":"https:\/\/brdcleaning.ro\/index.php\/politica-de-confidentialitate-2\/#breadcrumb"},"inLanguage":"en-US","potentialAction":[{"@type":"ReadAction","target":["https:\/\/brdcleaning.ro\/index.php\/politica-de-confidentialitate-2\/"]}]},{"@type":"BreadcrumbList","@id":"https:\/\/brdcleaning.ro\/index.php\/politica-de-confidentialitate-2\/#breadcrumb","itemListElement":[{"@type":"ListItem","position":1,"name":"Home","item":"https:\/\/brdcleaning.ro\/"},{"@type":"ListItem","position":2,"name":"Termeni \u0219i Condi\u021bii"}]},{"@type":"WebSite","@id":"https:\/\/brdcleaning.ro\/#website","url":"https:\/\/brdcleaning.ro\/","name":"BRD Cleaning","description":"Firm\u0103 cur\u0103\u021benia: C\u0103l\u0103ra\u0219i \u2022 Giurgiu \u2022 Ilfov \u2022 Bucure\u0219ti","publisher":{"@id":"https:\/\/brdcleaning.ro\/#organization"},"potentialAction":[{"@type":"SearchAction","target":{"@type":"EntryPoint","urlTemplate":"https:\/\/brdcleaning.ro\/?s={search_term_string}"},"query-input":{"@type":"PropertyValueSpecification","valueRequired":true,"valueName":"search_term_string"}}],"inLanguage":"en-US"},{"@type":"Organization","@id":"https:\/\/brdcleaning.ro\/#organization","name":"BRD Cleaning","url":"https:\/\/brdcleaning.ro\/","logo":{"@type":"ImageObject","inLanguage":"en-US","@id":"https:\/\/brdcleaning.ro\/#\/schema\/logo\/image\/","url":"https:\/\/brdcleaning.ro\/wp-content\/uploads\/2026\/02\/cropped-cropped-favicon-1.png","contentUrl":"https:\/\/brdcleaning.ro\/wp-content\/uploads\/2026\/02\/cropped-cropped-favicon-1.png","width":512,"height":512,"caption":"BRD Cleaning"},"image":{"@id":"https:\/\/brdcleaning.ro\/#\/schema\/logo\/image\/"}}]}},"_links":{"self":[{"href":"https:\/\/brdcleaning.ro\/index.php\/wp-json\/wp\/v2\/pages\/8513","targetHints":{"allow":["GET"]}}],"collection":[{"href":"https:\/\/brdcleaning.ro\/index.php\/wp-json\/wp\/v2\/pages"}],"about":[{"href":"https:\/\/brdcleaning.ro\/index.php\/wp-json\/wp\/v2\/types\/page"}],"author":[{"embeddable":true,"href":"https:\/\/brdcleaning.ro\/index.php\/wp-json\/wp\/v2\/users\/2"}],"replies":[{"embeddable":true,"href":"https:\/\/brdcleaning.ro\/index.php\/wp-json\/wp\/v2\/comments?post=8513"}],"version-history":[{"count":1,"href":"https:\/\/brdcleaning.ro\/index.php\/wp-json\/wp\/v2\/pages\/8513\/revisions"}],"predecessor-version":[{"id":8514,"href":"https:\/\/brdcleaning.ro\/index.php\/wp-json\/wp\/v2\/pages\/8513\/revisions\/8514"}],"wp:attachment":[{"href":"https:\/\/brdcleaning.ro\/index.php\/wp-json\/wp\/v2\/media?parent=8513"}],"curies":[{"name":"wp","href":"https:\/\/api.w.org\/{rel}","templated":true}]}}